{"id":485,"date":"2024-02-14T12:08:48","date_gmt":"2024-02-14T12:08:48","guid":{"rendered":"https:\/\/www.collecta-rohstoff.de\/?page_id=485"},"modified":"2024-02-23T13:36:47","modified_gmt":"2024-02-23T13:36:47","slug":"die-entwicklung-des-altpapiers","status":"publish","type":"page","link":"https:\/\/www.collecta-rohstoff.de\/en\/die-entwicklung-des-altpapiers\/","title":{"rendered":"Die Entwicklung des Altpapiers"},"content":{"rendered":"<div data-elementor-type=\"wp-page\" data-elementor-id=\"485\" class=\"elementor elementor-485\" data-elementor-post-type=\"page\">\n\t\t\t\t\t\t<section class=\"elementor-section elementor-top-section elementor-element elementor-element-2349179 elementor-section-height-min-height elementor-section-boxed elementor-section-height-default elementor-section-items-middle\" data-id=\"2349179\" data-element_type=\"section\" data-e-type=\"section\" data-settings=\"{&quot;background_background&quot;:&quot;classic&quot;}\">\n\t\t\t\t\t\t<div class=\"elementor-container elementor-column-gap-default\">\n\t\t\t\t\t<div class=\"elementor-column elementor-col-100 elementor-top-column elementor-element elementor-element-37229b7\" data-id=\"37229b7\" data-element_type=\"column\" data-e-type=\"column\">\n\t\t\t<div class=\"elementor-widget-wrap\">\n\t\t\t\t\t\t\t<\/div>\n\t\t<\/div>\n\t\t\t\t\t<\/div>\n\t\t<\/section>\n\t\t\t\t<section class=\"elementor-section elementor-top-section elementor-element elementor-element-66eda0c elementor-section-boxed elementor-section-height-default elementor-section-height-default\" data-id=\"66eda0c\" data-element_type=\"section\" data-e-type=\"section\">\n\t\t\t\t\t\t<div class=\"elementor-container elementor-column-gap-default\">\n\t\t\t\t\t<div class=\"elementor-column elementor-col-100 elementor-top-column elementor-element elementor-element-cfbaad4\" data-id=\"cfbaad4\" data-element_type=\"column\" data-e-type=\"column\">\n\t\t\t<div class=\"elementor-widget-wrap elementor-element-populated\">\n\t\t\t\t\t\t<div class=\"elementor-element elementor-element-4502ba9 elementor-widget elementor-widget-spacer\" data-id=\"4502ba9\" data-element_type=\"widget\" data-e-type=\"widget\" data-widget_type=\"spacer.default\">\n\t\t\t\t<div class=\"elementor-widget-container\">\n\t\t\t\t\t\t\t<div class=\"elementor-spacer\">\n\t\t\t<div class=\"elementor-spacer-inner\"><\/div>\n\t\t<\/div>\n\t\t\t\t\t\t<\/div>\n\t\t\t\t<\/div>\n\t\t\t\t<div class=\"elementor-element elementor-element-529df2c elementor-widget elementor-widget-heading\" data-id=\"529df2c\" data-element_type=\"widget\" data-e-type=\"widget\" data-widget_type=\"heading.default\">\n\t\t\t\t<div class=\"elementor-widget-container\">\n\t\t\t\t\t<h2 class=\"elementor-heading-title elementor-size-default\">Die Entwicklung des Altpapiers <\/h2>\t\t\t\t<\/div>\n\t\t\t\t<\/div>\n\t\t\t\t<div class=\"elementor-element elementor-element-4fd5ad6 elementor-widget elementor-widget-text-editor\" data-id=\"4fd5ad6\" data-element_type=\"widget\" data-e-type=\"widget\" data-widget_type=\"text-editor.default\">\n\t\t\t\t<div class=\"elementor-widget-container\">\n\t\t\t\t\t\t\t\t\t<p style=\"font-weight: 400;\">Das Symbol f\u00fcr Altpapiersammlung in Deutschland &#8211; die blaue Tonne. Aber wie kam es dazu und wie war die Entwicklung?\u00a0<\/p>\t\t\t\t\t\t\t\t<\/div>\n\t\t\t\t<\/div>\n\t\t\t\t<div class=\"elementor-element elementor-element-691a7ec elementor-widget elementor-widget-text-editor\" data-id=\"691a7ec\" data-element_type=\"widget\" data-e-type=\"widget\" data-widget_type=\"text-editor.default\">\n\t\t\t\t<div class=\"elementor-widget-container\">\n\t\t\t\t\t\t\t\t\t<p style=\"font-weight: 400;\">Recycling hat bei der Papierherstellung eine lange Tradition. Bis zum 19ten Jahrhundert wurde Papier mehr aus Textilabf\u00e4llen hergestellt (<span style=\"text-decoration: underline;\"><em><a href=\"https:\/\/www.collecta-rohstoff.de\/index.php\/de\/die-geschichte-des-papiers\">Geschichte des Papiers<\/a><\/em><\/span>). Seit Mitte des 19. Jahrhunderts verloren die Lumpen ihren Einsatz zu Gunsten der Holzfasern. Zu Beginn des 20ten Jahrhunderts gewann das Altpapier als gehandeltes Gut an Bedeutung und es entwickelte sich schon damals ein eigener Stoffkreislauf.&nbsp;<\/p>\n<p style=\"font-weight: 400;\">In Deutschland wurden in den 1950er Jahren 470.000 to. Altpapier verbraucht. Der Anteil des Altpapiers zum Rohstoffeinsatz lag bei 30%. Bereits in diesen Jahren entstanden die ersten &#8222;Altpapiersortenlisten&#8220; um die zahlreichen verschiedenen Qualit\u00e4ten f\u00fcr die Papierhersteller sortieren zu k\u00f6nnen.&nbsp;<\/p>\n<p style=\"font-weight: 400;\">Die Verwendung von Altpapier als Sekund\u00e4rrohstoff hat seit dieser Zeit stetig zugenommen. Insbesondere die enge Bev\u00f6lkerungsdichte in Deutschland und das kommunale Interesse an dem Rohstoff &#8222;Altpapier&#8220; hat dazu beigetragen, dass eine gute Sammelquote erreicht wurde. Im Jahr 2011 wurden 16,246 Mio. to. Altpapier zur Papierherstellung verwendet, die ungef\u00e4hr 71% der Papierproduktion in Deutschland ausmachen. Altpapier ist der wichtigste Sekund\u00e4rrohstoff f\u00fcr die Papierindustrie. Die blaue Tonne, insbesondere f\u00fcr die privaten Haushalte wurde 2002 eingef\u00fchrt. Hinzu kam sp\u00e4ter die Sammlung gewerblicher Papierabf\u00e4lle. Zus\u00e4tzlich f\u00f6rderte der Gedanke des Umweltschutzes in Deutschland die Sammlung des Altpapiers.Deutschland war bis zum Jahr 2002 Nettoimporteur der Ware Altpapier und ist seitdem Nettoexporteur.<\/p>\n<p style=\"font-weight: 400;\">Wie wertvoll insgesamt der Rohstoff Altpapier ist zeigt der \u00f6ffentliche Streit von Entsorgern, Kommunen und Papierfabriken um das Recht auf das Altpapier. Auch die neuen Regelungen im Kreislaufwirtschaftsgesetz zeigen wie hoch das mittlerweile weltweite Interesse an dem Rohstoff ist. Die Nachfrage nach dem Rohstoff Altpapier vom gr\u00f6\u00dften Papierproduzenten China spielt auf dem heimischen europ\u00e4ischen Markt mittlerweile auch eine entscheidende Rolle.&nbsp;<\/p>\n<p style=\"font-weight: 400;\">Im Jahre 2001 wurde die europ\u00e4ische Norm f\u00fcr die Altpapierqualit\u00e4ten festgelegt. Die f\u00fcnf Bereiche unterteilen sich in &#8222;untere Sorten&#8220;, &#8222;mittlere Sorten&#8220;, &#8222;bessere Sorten&#8220;, &#8222;krafthaltige Sorten&#8220; und &#8222;Sondersorten&#8220;. Der gr\u00f6\u00dfte Bereich sind die &#8222;unteren Sorten&#8220;, die sich insbesondere aus der unsortierten Haushaltsware (blaue Tonne), Mischungen grafischer Papiere und Zeitungen (De-Inkingware) und aus dem gewerblichen Bereich, das Kaufhausaltpapier (Karton und Pappe) zusammensetzt. Verpackungspapiere wie Kartons und Kartonagen werden ann\u00e4hernd zu 100% aus Altpapier hergestellt. Zur Produktion h\u00f6herwertigeren Papierqualit\u00e4ten wie z.B. grafischen Papieren (Hochglanzpapieren) wird weniger Altpapier eingesetzt und erg\u00e4nzt durch Prim\u00e4rfasern. Auch der technologische Fortschritt konnte in den vergangenen Jahren den Einsatz der Prim\u00e4rfaser durch den Einsatz h\u00f6herwertigeren Altpapierqualit\u00e4ten verringern. Derzeit wird in Deutschland die Faser f\u00fcr das Papier bis zu sechsmal recycled.&nbsp;<\/p>\n<p style=\"font-weight: 400;\">Weltweit werden j\u00e4hrlich knapp 400 Mio. to. Papier, Karton und Pappe hergestellt. Die gr\u00f6\u00dften Produzenten sind China, die USA, Japan und Deutschland. Der rechnerische pro Kopf Verbrauch an Papier lag im Jahr 2011 bei 231 kg in der USA und bei 121 kg in der EU. Ein Drittel der Kapazit\u00e4ten der weltweiten Papierproduktion entf\u00e4llt auf Europa. Europa ist f\u00fchrend bei der Produktion von Druck- und Schreibpapier. Durch Konsolidierungen der europ\u00e4ischen Papierindustrie ist die Zahl der Papierfabriken gesunken, die Kapazit\u00e4ten aber gleichzeitig gestiegen.&nbsp;<\/p>\n<p style=\"font-weight: 400;\">Die deutsche Papierindustrie ist die Nummer eins in Europa, und weltweit an vierter Stelle hinter China, USA und Japan, und weiterhin angewiesen auf den Sekund\u00e4rrohstoff Altpapier.&nbsp;<\/p>\t\t\t\t\t\t\t\t<\/div>\n\t\t\t\t<\/div>\n\t\t\t\t\t<\/div>\n\t\t<\/div>\n\t\t\t\t\t<\/div>\n\t\t<\/section>\n\t\t\t\t<\/div>","protected":false},"excerpt":{"rendered":"<p>Die Entwicklung des Altpapiers Das Symbol f\u00fcr Altpapiersammlung in Deutschland &#8211; die blaue Tonne. Aber wie kam es dazu und wie war die Entwicklung?\u00a0 Recycling hat bei der Papierherstellung eine lange Tradition. Bis zum 19ten Jahrhundert wurde Papier mehr aus Textilabf\u00e4llen hergestellt (Geschichte des Papiers). Seit Mitte des 19. Jahrhunderts verloren die Lumpen ihren Einsatz [&hellip;]<\/p>\n","protected":false},"author":2,"featured_media":0,"parent":0,"menu_order":0,"comment_status":"closed","ping_status":"closed","template":"elementor_header_footer","meta":{"ocean_post_layout":"","ocean_both_sidebars_style":"","ocean_both_sidebars_content_width":0,"ocean_both_sidebars_sidebars_width":0,"ocean_sidebar":"","ocean_second_sidebar":"","ocean_disable_margins":"enable","ocean_add_body_class":"","ocean_shortcode_before_top_bar":"","ocean_shortcode_after_top_bar":"","ocean_shortcode_before_header":"","ocean_shortcode_after_header":"","ocean_has_shortcode":"","ocean_shortcode_after_title":"","ocean_shortcode_before_footer_widgets":"","ocean_shortcode_after_footer_widgets":"","ocean_shortcode_before_footer_bottom":"","ocean_shortcode_after_footer_bottom":"","ocean_display_top_bar":"default","ocean_display_header":"default","ocean_header_style":"","ocean_center_header_left_menu":"","ocean_custom_header_template":"","ocean_custom_logo":0,"ocean_custom_retina_logo":0,"ocean_custom_logo_max_width":0,"ocean_custom_logo_tablet_max_width":0,"ocean_custom_logo_mobile_max_width":0,"ocean_custom_logo_max_height":0,"ocean_custom_logo_tablet_max_height":0,"ocean_custom_logo_mobile_max_height":0,"ocean_header_custom_menu":"","ocean_menu_typo_font_family":"","ocean_menu_typo_font_subset":"","ocean_menu_typo_font_size":0,"ocean_menu_typo_font_size_tablet":0,"ocean_menu_typo_font_size_mobile":0,"ocean_menu_typo_font_size_unit":"px","ocean_menu_typo_font_weight":"","ocean_menu_typo_font_weight_tablet":"","ocean_menu_typo_font_weight_mobile":"","ocean_menu_typo_transform":"","ocean_menu_typo_transform_tablet":"","ocean_menu_typo_transform_mobile":"","ocean_menu_typo_line_height":0,"ocean_menu_typo_line_height_tablet":0,"ocean_menu_typo_line_height_mobile":0,"ocean_menu_typo_line_height_unit":"","ocean_menu_typo_spacing":0,"ocean_menu_typo_spacing_tablet":0,"ocean_menu_typo_spacing_mobile":0,"ocean_menu_typo_spacing_unit":"","ocean_menu_link_color":"","ocean_menu_link_color_hover":"","ocean_menu_link_color_active":"","ocean_menu_link_background":"","ocean_menu_link_hover_background":"","ocean_menu_link_active_background":"","ocean_menu_social_links_bg":"","ocean_menu_social_hover_links_bg":"","ocean_menu_social_links_color":"","ocean_menu_social_hover_links_color":"","ocean_disable_title":"default","ocean_disable_heading":"default","ocean_post_title":"","ocean_post_subheading":"","ocean_post_title_style":"","ocean_post_title_background_color":"","ocean_post_title_background":0,"ocean_post_title_bg_image_position":"","ocean_post_title_bg_image_attachment":"","ocean_post_title_bg_image_repeat":"","ocean_post_title_bg_image_size":"","ocean_post_title_height":0,"ocean_post_title_bg_overlay":0.5,"ocean_post_title_bg_overlay_color":"","ocean_disable_breadcrumbs":"default","ocean_breadcrumbs_color":"","ocean_breadcrumbs_separator_color":"","ocean_breadcrumbs_links_color":"","ocean_breadcrumbs_links_hover_color":"","ocean_display_footer_widgets":"default","ocean_display_footer_bottom":"default","ocean_custom_footer_template":"","footnotes":""},"class_list":["post-485","page","type-page","status-publish","hentry","entry"],"yoast_head":"<!-- This site is optimized with the Yoast SEO plugin v27.5 - https:\/\/yoast.com\/product\/yoast-seo-wordpress\/ -->\n<title>Die Entwicklung des Altpapiers - COLLECTA Rohstoff Altpapierhandel<\/title>\n<meta name=\"robots\" content=\"index, follow, max-snippet:-1, max-image-preview:large, max-video-preview:-1\" \/>\n<link rel=\"canonical\" href=\"https:\/\/www.collecta-rohstoff.de\/en\/die-entwicklung-des-altpapiers\/\" \/>\n<meta property=\"og:locale\" content=\"en_GB\" \/>\n<meta property=\"og:type\" content=\"article\" \/>\n<meta property=\"og:title\" content=\"Die Entwicklung des Altpapiers - COLLECTA Rohstoff Altpapierhandel\" \/>\n<meta property=\"og:description\" content=\"Die Entwicklung des Altpapiers Das Symbol f\u00fcr Altpapiersammlung in Deutschland &#8211; die blaue Tonne. Aber wie kam es dazu und wie war die Entwicklung?\u00a0 Recycling hat bei der Papierherstellung eine lange Tradition. Bis zum 19ten Jahrhundert wurde Papier mehr aus Textilabf\u00e4llen hergestellt (Geschichte des Papiers). Seit Mitte des 19. Jahrhunderts verloren die Lumpen ihren Einsatz [&hellip;]\" \/>\n<meta property=\"og:url\" content=\"https:\/\/www.collecta-rohstoff.de\/en\/die-entwicklung-des-altpapiers\/\" \/>\n<meta property=\"og:site_name\" content=\"COLLECTA Rohstoff Altpapierhandel\" \/>\n<meta property=\"article:modified_time\" content=\"2024-02-23T13:36:47+00:00\" \/>\n<meta name=\"twitter:card\" content=\"summary_large_image\" \/>\n<meta name=\"twitter:label1\" content=\"Estimated reading time\" \/>\n\t<meta name=\"twitter:data1\" content=\"3 minutes\" \/>\n<script type=\"application\/ld+json\" class=\"yoast-schema-graph\">{\"@context\":\"https:\\\/\\\/schema.org\",\"@graph\":[{\"@type\":\"WebPage\",\"@id\":\"https:\\\/\\\/www.collecta-rohstoff.de\\\/die-entwicklung-des-altpapiers\\\/\",\"url\":\"https:\\\/\\\/www.collecta-rohstoff.de\\\/die-entwicklung-des-altpapiers\\\/\",\"name\":\"Die Entwicklung des Altpapiers - COLLECTA Rohstoff Altpapierhandel\",\"isPartOf\":{\"@id\":\"https:\\\/\\\/www.collecta-rohstoff.de\\\/#website\"},\"datePublished\":\"2024-02-14T12:08:48+00:00\",\"dateModified\":\"2024-02-23T13:36:47+00:00\",\"breadcrumb\":{\"@id\":\"https:\\\/\\\/www.collecta-rohstoff.de\\\/die-entwicklung-des-altpapiers\\\/#breadcrumb\"},\"inLanguage\":\"en-GB\",\"potentialAction\":[{\"@type\":\"ReadAction\",\"target\":[\"https:\\\/\\\/www.collecta-rohstoff.de\\\/die-entwicklung-des-altpapiers\\\/\"]}]},{\"@type\":\"BreadcrumbList\",\"@id\":\"https:\\\/\\\/www.collecta-rohstoff.de\\\/die-entwicklung-des-altpapiers\\\/#breadcrumb\",\"itemListElement\":[{\"@type\":\"ListItem\",\"position\":1,\"name\":\"Startseite\",\"item\":\"https:\\\/\\\/www.collecta-rohstoff.de\\\/\"},{\"@type\":\"ListItem\",\"position\":2,\"name\":\"Die Entwicklung des Altpapiers\"}]},{\"@type\":\"WebSite\",\"@id\":\"https:\\\/\\\/www.collecta-rohstoff.de\\\/#website\",\"url\":\"https:\\\/\\\/www.collecta-rohstoff.de\\\/\",\"name\":\"COLLECTA Rohstoff Altpapierhandel\",\"description\":\"\",\"publisher\":{\"@id\":\"https:\\\/\\\/www.collecta-rohstoff.de\\\/#organization\"},\"potentialAction\":[{\"@type\":\"SearchAction\",\"target\":{\"@type\":\"EntryPoint\",\"urlTemplate\":\"https:\\\/\\\/www.collecta-rohstoff.de\\\/?s={search_term_string}\"},\"query-input\":{\"@type\":\"PropertyValueSpecification\",\"valueRequired\":true,\"valueName\":\"search_term_string\"}}],\"inLanguage\":\"en-GB\"},{\"@type\":\"Organization\",\"@id\":\"https:\\\/\\\/www.collecta-rohstoff.de\\\/#organization\",\"name\":\"COLLECTA Rohstoff Altpapierhandel\",\"url\":\"https:\\\/\\\/www.collecta-rohstoff.de\\\/\",\"logo\":{\"@type\":\"ImageObject\",\"inLanguage\":\"en-GB\",\"@id\":\"https:\\\/\\\/www.collecta-rohstoff.de\\\/#\\\/schema\\\/logo\\\/image\\\/\",\"url\":\"https:\\\/\\\/www.collecta-rohstoff.de\\\/wp-content\\\/uploads\\\/2022\\\/11\\\/cropped-cropped-cropped-cropped-cropped-Collecta-Rohstoff_Logo-1.png\",\"contentUrl\":\"https:\\\/\\\/www.collecta-rohstoff.de\\\/wp-content\\\/uploads\\\/2022\\\/11\\\/cropped-cropped-cropped-cropped-cropped-Collecta-Rohstoff_Logo-1.png\",\"width\":512,\"height\":512,\"caption\":\"COLLECTA Rohstoff Altpapierhandel\"},\"image\":{\"@id\":\"https:\\\/\\\/www.collecta-rohstoff.de\\\/#\\\/schema\\\/logo\\\/image\\\/\"}}]}<\/script>\n<!-- \/ Yoast SEO plugin. -->","yoast_head_json":{"title":"Die Entwicklung des Altpapiers - COLLECTA Rohstoff Altpapierhandel","robots":{"index":"index","follow":"follow","max-snippet":"max-snippet:-1","max-image-preview":"max-image-preview:large","max-video-preview":"max-video-preview:-1"},"canonical":"https:\/\/www.collecta-rohstoff.de\/en\/die-entwicklung-des-altpapiers\/","og_locale":"en_GB","og_type":"article","og_title":"Die Entwicklung des Altpapiers - COLLECTA Rohstoff Altpapierhandel","og_description":"Die Entwicklung des Altpapiers Das Symbol f\u00fcr Altpapiersammlung in Deutschland &#8211; die blaue Tonne. Aber wie kam es dazu und wie war die Entwicklung?\u00a0 Recycling hat bei der Papierherstellung eine lange Tradition. Bis zum 19ten Jahrhundert wurde Papier mehr aus Textilabf\u00e4llen hergestellt (Geschichte des Papiers). Seit Mitte des 19. Jahrhunderts verloren die Lumpen ihren Einsatz [&hellip;]","og_url":"https:\/\/www.collecta-rohstoff.de\/en\/die-entwicklung-des-altpapiers\/","og_site_name":"COLLECTA Rohstoff Altpapierhandel","article_modified_time":"2024-02-23T13:36:47+00:00","twitter_card":"summary_large_image","twitter_misc":{"Estimated reading time":"3 minutes"},"schema":{"@context":"https:\/\/schema.org","@graph":[{"@type":"WebPage","@id":"https:\/\/www.collecta-rohstoff.de\/die-entwicklung-des-altpapiers\/","url":"https:\/\/www.collecta-rohstoff.de\/die-entwicklung-des-altpapiers\/","name":"Die Entwicklung des Altpapiers - COLLECTA Rohstoff Altpapierhandel","isPartOf":{"@id":"https:\/\/www.collecta-rohstoff.de\/#website"},"datePublished":"2024-02-14T12:08:48+00:00","dateModified":"2024-02-23T13:36:47+00:00","breadcrumb":{"@id":"https:\/\/www.collecta-rohstoff.de\/die-entwicklung-des-altpapiers\/#breadcrumb"},"inLanguage":"en-GB","potentialAction":[{"@type":"ReadAction","target":["https:\/\/www.collecta-rohstoff.de\/die-entwicklung-des-altpapiers\/"]}]},{"@type":"BreadcrumbList","@id":"https:\/\/www.collecta-rohstoff.de\/die-entwicklung-des-altpapiers\/#breadcrumb","itemListElement":[{"@type":"ListItem","position":1,"name":"Startseite","item":"https:\/\/www.collecta-rohstoff.de\/"},{"@type":"ListItem","position":2,"name":"Die Entwicklung des Altpapiers"}]},{"@type":"WebSite","@id":"https:\/\/www.collecta-rohstoff.de\/#website","url":"https:\/\/www.collecta-rohstoff.de\/","name":"COLLECTA Rohstoff Altpapierhandel","description":"","publisher":{"@id":"https:\/\/www.collecta-rohstoff.de\/#organization"},"potentialAction":[{"@type":"SearchAction","target":{"@type":"EntryPoint","urlTemplate":"https:\/\/www.collecta-rohstoff.de\/?s={search_term_string}"},"query-input":{"@type":"PropertyValueSpecification","valueRequired":true,"valueName":"search_term_string"}}],"inLanguage":"en-GB"},{"@type":"Organization","@id":"https:\/\/www.collecta-rohstoff.de\/#organization","name":"COLLECTA Rohstoff Altpapierhandel","url":"https:\/\/www.collecta-rohstoff.de\/","logo":{"@type":"ImageObject","inLanguage":"en-GB","@id":"https:\/\/www.collecta-rohstoff.de\/#\/schema\/logo\/image\/","url":"https:\/\/www.collecta-rohstoff.de\/wp-content\/uploads\/2022\/11\/cropped-cropped-cropped-cropped-cropped-Collecta-Rohstoff_Logo-1.png","contentUrl":"https:\/\/www.collecta-rohstoff.de\/wp-content\/uploads\/2022\/11\/cropped-cropped-cropped-cropped-cropped-Collecta-Rohstoff_Logo-1.png","width":512,"height":512,"caption":"COLLECTA Rohstoff Altpapierhandel"},"image":{"@id":"https:\/\/www.collecta-rohstoff.de\/#\/schema\/logo\/image\/"}}]}},"_links":{"self":[{"href":"https:\/\/www.collecta-rohstoff.de\/en\/wp-json\/wp\/v2\/pages\/485","targetHints":{"allow":["GET"]}}],"collection":[{"href":"https:\/\/www.collecta-rohstoff.de\/en\/wp-json\/wp\/v2\/pages"}],"about":[{"href":"https:\/\/www.collecta-rohstoff.de\/en\/wp-json\/wp\/v2\/types\/page"}],"author":[{"embeddable":true,"href":"https:\/\/www.collecta-rohstoff.de\/en\/wp-json\/wp\/v2\/users\/2"}],"replies":[{"embeddable":true,"href":"https:\/\/www.collecta-rohstoff.de\/en\/wp-json\/wp\/v2\/comments?post=485"}],"version-history":[{"count":16,"href":"https:\/\/www.collecta-rohstoff.de\/en\/wp-json\/wp\/v2\/pages\/485\/revisions"}],"predecessor-version":[{"id":1123,"href":"https:\/\/www.collecta-rohstoff.de\/en\/wp-json\/wp\/v2\/pages\/485\/revisions\/1123"}],"wp:attachment":[{"href":"https:\/\/www.collecta-rohstoff.de\/en\/wp-json\/wp\/v2\/media?parent=485"}],"curies":[{"name":"wp","href":"https:\/\/api.w.org\/{rel}","templated":true}]}}