{"id":192,"date":"2024-02-09T13:53:27","date_gmt":"2024-02-09T13:53:27","guid":{"rendered":"https:\/\/www.collecta-rohstoff.de\/?page_id=192"},"modified":"2024-02-19T10:12:37","modified_gmt":"2024-02-19T10:12:37","slug":"die-geschichte-des-papiers","status":"publish","type":"page","link":"https:\/\/www.collecta-rohstoff.de\/en\/die-geschichte-des-papiers\/","title":{"rendered":"Die Geschichte des Papiers"},"content":{"rendered":"<div data-elementor-type=\"wp-page\" data-elementor-id=\"192\" class=\"elementor elementor-192\" data-elementor-post-type=\"page\">\n\t\t\t\t\t\t<section class=\"elementor-section elementor-top-section elementor-element elementor-element-e1ac166 elementor-section-full_width elementor-section-height-min-height elementor-section-height-default elementor-section-items-middle\" data-id=\"e1ac166\" data-element_type=\"section\" data-e-type=\"section\" data-settings=\"{&quot;background_background&quot;:&quot;classic&quot;}\">\n\t\t\t\t\t\t<div class=\"elementor-container elementor-column-gap-default\">\n\t\t\t\t\t<div class=\"elementor-column elementor-col-100 elementor-top-column elementor-element elementor-element-a4d2d35\" data-id=\"a4d2d35\" data-element_type=\"column\" data-e-type=\"column\">\n\t\t\t<div class=\"elementor-widget-wrap\">\n\t\t\t\t\t\t\t<\/div>\n\t\t<\/div>\n\t\t\t\t\t<\/div>\n\t\t<\/section>\n\t\t\t\t<section class=\"elementor-section elementor-top-section elementor-element elementor-element-65d8a0b elementor-section-boxed elementor-section-height-default elementor-section-height-default\" data-id=\"65d8a0b\" data-element_type=\"section\" data-e-type=\"section\">\n\t\t\t\t\t\t<div class=\"elementor-container elementor-column-gap-default\">\n\t\t\t\t\t<div class=\"elementor-column elementor-col-100 elementor-top-column elementor-element elementor-element-19887cd\" data-id=\"19887cd\" data-element_type=\"column\" data-e-type=\"column\">\n\t\t\t<div class=\"elementor-widget-wrap elementor-element-populated\">\n\t\t\t\t\t\t<div class=\"elementor-element elementor-element-d14351f elementor-widget elementor-widget-spacer\" data-id=\"d14351f\" data-element_type=\"widget\" data-e-type=\"widget\" data-widget_type=\"spacer.default\">\n\t\t\t\t<div class=\"elementor-widget-container\">\n\t\t\t\t\t\t\t<div class=\"elementor-spacer\">\n\t\t\t<div class=\"elementor-spacer-inner\"><\/div>\n\t\t<\/div>\n\t\t\t\t\t\t<\/div>\n\t\t\t\t<\/div>\n\t\t\t\t<div class=\"elementor-element elementor-element-dd6e1eb elementor-widget elementor-widget-heading\" data-id=\"dd6e1eb\" data-element_type=\"widget\" data-e-type=\"widget\" data-widget_type=\"heading.default\">\n\t\t\t\t<div class=\"elementor-widget-container\">\n\t\t\t\t\t<h2 class=\"elementor-heading-title elementor-size-default\">Die Geschichte des Papiers <\/h2>\t\t\t\t<\/div>\n\t\t\t\t<\/div>\n\t\t\t\t<div class=\"elementor-element elementor-element-f215306 elementor-widget elementor-widget-text-editor\" data-id=\"f215306\" data-element_type=\"widget\" data-e-type=\"widget\" data-widget_type=\"text-editor.default\">\n\t\t\t\t<div class=\"elementor-widget-container\">\n\t\t\t\t\t\t\t\t\t<p style=\"font-weight: 400;\">H\u00f6hlenzeichnungen sind die \u00e4lteste Hinterlassenschaft an Dokumenten, die mit Pigmentfarbe auf einen Untergrund gezeichnet wurden. <br \/><br \/>Auch im alten \u00c4gypten sind Schrifttr\u00e4ger aus anorganischen Materialien bekannt, z.B. Speckstein. Im alten Griechenland wurde auf Papyrus mit Pinseln aus Ru\u00df und einer L\u00f6sung aus Gummi geschrieben. Das Papyrus bestand aus flach geschlagenen, \u00fcber kreuz gelegten und gepressten St\u00e4ngeln. Von dem griechischen Wort p\u00e1pyros leitet sich das Wort \u201ePapier\u201c ab.\u00a0<\/p><p style=\"font-weight: 400;\">Die Erfindung des Papiers wird einem Chinesen Namens Cai Lun zugeschrieben, der 200 v. Chr. zum ersten Mal das heute bekannte Verfahren, Papier herzustellen, beschrieb. Zur damaligen Zeit gab es einen papierartigen Stoff, der aus Seidenabf\u00e4llen hergestellt wurde. Diesen mischten die Papiermacher mit Hanf, alten Lumpen und einer Baumrinde. Die ges\u00e4uberten Fasern wurden dabei zerstampft, gekocht und gew\u00e4ssert. Anschlie\u00dfend wurden einzelne Lagen wie heute mit einem Sieb abgesch\u00f6pft, getrocknet, gepresst und gegl\u00e4ttet. Bei diesem Verfahren entstanden eine sch\u00f6ne Seite und eine Siebseite. Durch die Ablagerungen entstand ein relativ homogenes Papierblatt.\u00a0<\/p>\t\t\t\t\t\t\t\t<\/div>\n\t\t\t\t<\/div>\n\t\t\t\t\t<\/div>\n\t\t<\/div>\n\t\t\t\t\t<\/div>\n\t\t<\/section>\n\t\t\t\t<section class=\"elementor-section elementor-top-section elementor-element elementor-element-403ad3d elementor-section-boxed elementor-section-height-default elementor-section-height-default\" data-id=\"403ad3d\" data-element_type=\"section\" data-e-type=\"section\">\n\t\t\t\t\t\t<div class=\"elementor-container elementor-column-gap-default\">\n\t\t\t\t\t<div class=\"elementor-column elementor-col-66 elementor-top-column elementor-element elementor-element-d86cea8\" data-id=\"d86cea8\" data-element_type=\"column\" data-e-type=\"column\">\n\t\t\t<div class=\"elementor-widget-wrap elementor-element-populated\">\n\t\t\t\t\t\t<div class=\"elementor-element elementor-element-3ae457d elementor-widget elementor-widget-text-editor\" data-id=\"3ae457d\" data-element_type=\"widget\" data-e-type=\"widget\" data-widget_type=\"text-editor.default\">\n\t\t\t\t<div class=\"elementor-widget-container\">\n\t\t\t\t\t\t\t\t\t<p style=\"font-weight: 400;\">In Europa entstand die Massenproduktion des Papiers bereits im Mittelalter. Dabei wurden die chinesischen Innovationen optimiert. <br \/>Mit Papierm\u00fchlen wurde der Zerkleinerungsprozess, der bis dahin per Hand- oder Tierarbeit gemacht wurde, mechanisiert. In Anlehnung an das Keltern entstanden die ersten Papierpressen. <br \/>Die erste deutsche Papierm\u00fchle stand bereits im Jahr 1390 in N\u00fcrnberg.<\/p><p>Bis zum 19. Jahrhundert wurden die ben\u00f6tigten Fasern aus genutzten Leinentextilien gewonnen. Die damaligen Lumpensammler und -h\u00e4ndler versorgten die Papierm\u00fchlen mit den notwendigen Rohstoffen. In der zweiten H\u00e4lfte des Jahrhunderts ging man dazu \u00fcber, statt des Faulens und des Reinigens die Fasern mit Chlor zu bleichen (\u00e4hnlich dem heutigen De-Inking). Der Verlust der Fasern war dadurch geringer und man konnte aus farbigem Material auch wei\u00dfes Papier herstellen.\u00a0<\/p><p style=\"font-weight: 400;\">Der Mangel an alten Lumpen sorgte daf\u00fcr, dass man sich nach Alternativen umsah und experimentierte. Im Jahr 1843 erfand der deutsche Friedrich Gottlob Keller das Verfahren um aus Holzschliff Papier herzustellen. Holzschliff wurde in Zusammenhang mit Wasser auf einem Schleifstein hergestellt. Schon bald entwickelte er eine Holzschleifer-Maschine um den Rohstoff f\u00fcr qualitativ gutes Papier herzustellen. Die Papiere, die aus dem Holzschliff hergestellt wurden, sorgten sp\u00e4ter f\u00fcr Probleme. Durch verschiedene Restanteile an sauren Substanzen, sorgte die Luft- und Luftfeuchteentwicklung durch chemische Reaktionen zu einer Vergilbung, einer Verringerung der Rei\u00df- und Nassfestigkeit und damit zur Br\u00fcchigkeit des Papiers. Dies f\u00fchrte am Ende zu einem gro\u00dfen Schaden, was schriftliche \u00dcberlieferungen zwischen dem 19. und 20. Jahrhundert angeht.\u00a0<\/p><p style=\"font-weight: 400;\">Seit 1980 wird das Papier ohne s\u00e4urehaltige Stoffen produziert. Durch den Einsatz von chemischen Zus\u00e4tzen entsteht ein alters best\u00e4ndiges Papier.\u00a0<\/p><p style=\"font-weight: 400;\">Die f\u00fcr die Produktion des heutigen Papiers notwendigen Rohstoffe sind Faserstoffe (z.B. Holzschliff, Zellstoffe und insbesondere Altpapier), Leimung und Impr\u00e4gnierung (z.B. Wachse, Harze), F\u00fcllstoffe (z.B. Gips, Kreide, Titanwei\u00df) und Hilfsstoffe (z.B. Farbstoffe).\u00a0<\/p><p style=\"font-weight: 400;\">Beim Faserstoff gibt es zwei Varianten. Einmal die Prim\u00e4rfasern, die erstmals zur Produktion eingesetzt werden, und den Sekund\u00e4rfaserrohstoffen, dem Altpapier.<\/p><p style=\"font-weight: 400;\">Der Anteil des eingesetzten Sekund\u00e4rrohstoffes Altpapier liegt heute bei ca. 70% des produzierten Neupapiers. Da Altpapier bereits schon einmal zu Papier bearbeitet wurde, wurden die Fasern schon mind. einmal gemahlen. <br \/>Durch das erneute Mahlen werden die Fasern weiter gesch\u00e4digt.<\/p><p><span style=\"font-weight: 400;\">Altpapier kann im Schnitt f\u00fcnf- bis sechsmal recycled werden. Die Entf\u00e4rbung der Fasern (De-Inking) des Altpapiers, um die Druckfarben zu l\u00f6sen, wird mit Hilfe von Chemikalien gel\u00f6st.<\/span><\/p><p style=\"font-weight: 400;\">Mit Papier kommen wir t\u00e4glich in den verschiedensten Formen in Ber\u00fchrung. Ob als Tissue-Papiere im Hygienebereich (Toilettenpapier, K\u00fcchenrolle), grafische Papiere im Kunst und Bilderdruck, Zeitungspapier oder Karton und Pappe. Trotz der Weiterentwicklung der IT-Technologie ist Papier bis heute eine der wichtigsten Erfindungen der Menschheit.<\/p>\t\t\t\t\t\t\t\t<\/div>\n\t\t\t\t<\/div>\n\t\t\t\t<div class=\"elementor-element elementor-element-eeade78 elementor-widget elementor-widget-spacer\" data-id=\"eeade78\" data-element_type=\"widget\" data-e-type=\"widget\" data-widget_type=\"spacer.default\">\n\t\t\t\t<div class=\"elementor-widget-container\">\n\t\t\t\t\t\t\t<div class=\"elementor-spacer\">\n\t\t\t<div class=\"elementor-spacer-inner\"><\/div>\n\t\t<\/div>\n\t\t\t\t\t\t<\/div>\n\t\t\t\t<\/div>\n\t\t\t\t\t<\/div>\n\t\t<\/div>\n\t\t\t\t<div class=\"elementor-column elementor-col-33 elementor-top-column elementor-element elementor-element-67ea1ee\" data-id=\"67ea1ee\" data-element_type=\"column\" data-e-type=\"column\">\n\t\t\t<div class=\"elementor-widget-wrap elementor-element-populated\">\n\t\t\t\t\t\t<div class=\"elementor-element elementor-element-41c79a6 elementor-widget elementor-widget-spacer\" data-id=\"41c79a6\" data-element_type=\"widget\" data-e-type=\"widget\" data-widget_type=\"spacer.default\">\n\t\t\t\t<div class=\"elementor-widget-container\">\n\t\t\t\t\t\t\t<div class=\"elementor-spacer\">\n\t\t\t<div class=\"elementor-spacer-inner\"><\/div>\n\t\t<\/div>\n\t\t\t\t\t\t<\/div>\n\t\t\t\t<\/div>\n\t\t\t\t<div class=\"elementor-element elementor-element-786962a elementor-widget elementor-widget-spacer\" data-id=\"786962a\" data-element_type=\"widget\" data-e-type=\"widget\" data-widget_type=\"spacer.default\">\n\t\t\t\t<div class=\"elementor-widget-container\">\n\t\t\t\t\t\t\t<div class=\"elementor-spacer\">\n\t\t\t<div class=\"elementor-spacer-inner\"><\/div>\n\t\t<\/div>\n\t\t\t\t\t\t<\/div>\n\t\t\t\t<\/div>\n\t\t\t\t<div class=\"elementor-element elementor-element-d6fa901 elementor-widget elementor-widget-spacer\" data-id=\"d6fa901\" data-element_type=\"widget\" data-e-type=\"widget\" data-widget_type=\"spacer.default\">\n\t\t\t\t<div class=\"elementor-widget-container\">\n\t\t\t\t\t\t\t<div class=\"elementor-spacer\">\n\t\t\t<div class=\"elementor-spacer-inner\"><\/div>\n\t\t<\/div>\n\t\t\t\t\t\t<\/div>\n\t\t\t\t<\/div>\n\t\t\t\t<div class=\"elementor-element elementor-element-872412d elementor--h-position-center elementor--v-position-middle elementor-arrows-position-inside elementor-pagination-position-inside elementor-widget elementor-widget-slides\" data-id=\"872412d\" data-element_type=\"widget\" data-e-type=\"widget\" data-settings=\"{&quot;navigation&quot;:&quot;both&quot;,&quot;infinite&quot;:&quot;yes&quot;,&quot;transition&quot;:&quot;slide&quot;,&quot;transition_speed&quot;:500}\" data-widget_type=\"slides.default\">\n\t\t\t\t<div class=\"elementor-widget-container\">\n\t\t\t\t\t\t\t\t\t<div class=\"elementor-swiper\">\n\t\t\t\t\t<div class=\"elementor-slides-wrapper elementor-main-swiper swiper\" role=\"region\" aria-roledescription=\"carousel\" aria-label=\"Slider\" dir=\"ltr\" data-animation=\"fadeInUp\">\n\t\t\t\t<div class=\"swiper-wrapper elementor-slides\">\n\t\t\t\t\t\t\t\t\t\t<div class=\"elementor-repeater-item-1e84beb swiper-slide\" role=\"group\" aria-roledescription=\"slide\"><div class=\"swiper-slide-bg\" role=\"img\" aria-label=\"Papiro egipcio enrollado sobre blanco\"><\/div><div class=\"swiper-slide-inner\" ><div class=\"swiper-slide-contents\"><\/div><\/div><\/div><div class=\"elementor-repeater-item-ed424d3 swiper-slide\" role=\"group\" aria-roledescription=\"slide\"><div class=\"swiper-slide-bg\" role=\"img\" aria-label=\"mountains of wood shavings close up\"><\/div><div class=\"swiper-slide-inner\" ><div class=\"swiper-slide-contents\"><\/div><\/div><\/div><div class=\"elementor-repeater-item-6edbd71 swiper-slide\" role=\"group\" aria-roledescription=\"slide\"><div class=\"swiper-slide-bg\" role=\"img\" aria-label=\"Paper and pulp mill\"><\/div><div class=\"swiper-slide-inner\" ><div class=\"swiper-slide-contents\"><\/div><\/div><\/div><div class=\"elementor-repeater-item-bbb22ba swiper-slide\" role=\"group\" aria-roledescription=\"slide\"><div class=\"swiper-slide-bg\" role=\"img\" aria-label=\"Rollenpapier_tr0jyeer\"><\/div><div class=\"swiper-slide-inner\" ><div class=\"swiper-slide-contents\"><\/div><\/div><\/div>\t\t\t\t<\/div>\n\t\t\t\t\t\t\t\t\t\t\t\t\t\t\t<div class=\"elementor-swiper-button elementor-swiper-button-prev\" role=\"button\" tabindex=\"0\" aria-label=\"Vorheriger Slide\">\n\t\t\t\t\t\t\t<i aria-hidden=\"true\" class=\"eicon-chevron-left\"><\/i>\t\t\t\t\t\t<\/div>\n\t\t\t\t\t\t<div class=\"elementor-swiper-button elementor-swiper-button-next\" role=\"button\" tabindex=\"0\" aria-label=\"N\u00e4chster Slide\">\n\t\t\t\t\t\t\t<i aria-hidden=\"true\" class=\"eicon-chevron-right\"><\/i>\t\t\t\t\t\t<\/div>\n\t\t\t\t\t\t\t\t\t\t\t\t\t\t\t\t<div class=\"swiper-pagination\"><\/div>\n\t\t\t\t\t\t\t\t\t\t\t\t<\/div>\n\t\t\t\t<\/div>\n\t\t\t\t\t\t\t\t<\/div>\n\t\t\t\t<\/div>\n\t\t\t\t\t<\/div>\n\t\t<\/div>\n\t\t\t\t\t<\/div>\n\t\t<\/section>\n\t\t\t\t<\/div>","protected":false},"excerpt":{"rendered":"<p>Die Geschichte des Papiers H\u00f6hlenzeichnungen sind die \u00e4lteste Hinterlassenschaft an Dokumenten, die mit Pigmentfarbe auf einen Untergrund gezeichnet wurden. Auch im alten \u00c4gypten sind Schrifttr\u00e4ger aus anorganischen Materialien bekannt, z.B. Speckstein. Im alten Griechenland wurde auf Papyrus mit Pinseln aus Ru\u00df und einer L\u00f6sung aus Gummi geschrieben. Das Papyrus bestand aus flach geschlagenen, \u00fcber kreuz [&hellip;]<\/p>\n","protected":false},"author":2,"featured_media":0,"parent":0,"menu_order":0,"comment_status":"closed","ping_status":"closed","template":"elementor_header_footer","meta":{"ocean_post_layout":"","ocean_both_sidebars_style":"","ocean_both_sidebars_content_width":0,"ocean_both_sidebars_sidebars_width":0,"ocean_sidebar":"","ocean_second_sidebar":"","ocean_disable_margins":"enable","ocean_add_body_class":"","ocean_shortcode_before_top_bar":"","ocean_shortcode_after_top_bar":"","ocean_shortcode_before_header":"","ocean_shortcode_after_header":"","ocean_has_shortcode":"","ocean_shortcode_after_title":"","ocean_shortcode_before_footer_widgets":"","ocean_shortcode_after_footer_widgets":"","ocean_shortcode_before_footer_bottom":"","ocean_shortcode_after_footer_bottom":"","ocean_display_top_bar":"default","ocean_display_header":"default","ocean_header_style":"","ocean_center_header_left_menu":"","ocean_custom_header_template":"","ocean_custom_logo":0,"ocean_custom_retina_logo":0,"ocean_custom_logo_max_width":0,"ocean_custom_logo_tablet_max_width":0,"ocean_custom_logo_mobile_max_width":0,"ocean_custom_logo_max_height":0,"ocean_custom_logo_tablet_max_height":0,"ocean_custom_logo_mobile_max_height":0,"ocean_header_custom_menu":"","ocean_menu_typo_font_family":"","ocean_menu_typo_font_subset":"","ocean_menu_typo_font_size":0,"ocean_menu_typo_font_size_tablet":0,"ocean_menu_typo_font_size_mobile":0,"ocean_menu_typo_font_size_unit":"px","ocean_menu_typo_font_weight":"","ocean_menu_typo_font_weight_tablet":"","ocean_menu_typo_font_weight_mobile":"","ocean_menu_typo_transform":"","ocean_menu_typo_transform_tablet":"","ocean_menu_typo_transform_mobile":"","ocean_menu_typo_line_height":0,"ocean_menu_typo_line_height_tablet":0,"ocean_menu_typo_line_height_mobile":0,"ocean_menu_typo_line_height_unit":"","ocean_menu_typo_spacing":0,"ocean_menu_typo_spacing_tablet":0,"ocean_menu_typo_spacing_mobile":0,"ocean_menu_typo_spacing_unit":"","ocean_menu_link_color":"","ocean_menu_link_color_hover":"","ocean_menu_link_color_active":"","ocean_menu_link_background":"","ocean_menu_link_hover_background":"","ocean_menu_link_active_background":"","ocean_menu_social_links_bg":"","ocean_menu_social_hover_links_bg":"","ocean_menu_social_links_color":"","ocean_menu_social_hover_links_color":"","ocean_disable_title":"default","ocean_disable_heading":"default","ocean_post_title":"","ocean_post_subheading":"","ocean_post_title_style":"","ocean_post_title_background_color":"","ocean_post_title_background":0,"ocean_post_title_bg_image_position":"","ocean_post_title_bg_image_attachment":"","ocean_post_title_bg_image_repeat":"","ocean_post_title_bg_image_size":"","ocean_post_title_height":0,"ocean_post_title_bg_overlay":0.5,"ocean_post_title_bg_overlay_color":"","ocean_disable_breadcrumbs":"default","ocean_breadcrumbs_color":"","ocean_breadcrumbs_separator_color":"","ocean_breadcrumbs_links_color":"","ocean_breadcrumbs_links_hover_color":"","ocean_display_footer_widgets":"default","ocean_display_footer_bottom":"default","ocean_custom_footer_template":"","footnotes":""},"class_list":["post-192","page","type-page","status-publish","hentry","entry"],"yoast_head":"<!-- This site is optimized with the Yoast SEO plugin v27.5 - https:\/\/yoast.com\/product\/yoast-seo-wordpress\/ -->\n<title>Die Geschichte des Papiers - COLLECTA Rohstoff Altpapierhandel<\/title>\n<meta name=\"robots\" content=\"index, follow, max-snippet:-1, max-image-preview:large, max-video-preview:-1\" \/>\n<link rel=\"canonical\" href=\"https:\/\/www.collecta-rohstoff.de\/en\/die-geschichte-des-papiers\/\" \/>\n<meta property=\"og:locale\" content=\"en_GB\" \/>\n<meta property=\"og:type\" content=\"article\" \/>\n<meta property=\"og:title\" content=\"Die Geschichte des Papiers - COLLECTA Rohstoff Altpapierhandel\" \/>\n<meta property=\"og:description\" content=\"Die Geschichte des Papiers H\u00f6hlenzeichnungen sind die \u00e4lteste Hinterlassenschaft an Dokumenten, die mit Pigmentfarbe auf einen Untergrund gezeichnet wurden. Auch im alten \u00c4gypten sind Schrifttr\u00e4ger aus anorganischen Materialien bekannt, z.B. Speckstein. Im alten Griechenland wurde auf Papyrus mit Pinseln aus Ru\u00df und einer L\u00f6sung aus Gummi geschrieben. Das Papyrus bestand aus flach geschlagenen, \u00fcber kreuz [&hellip;]\" \/>\n<meta property=\"og:url\" content=\"https:\/\/www.collecta-rohstoff.de\/en\/die-geschichte-des-papiers\/\" \/>\n<meta property=\"og:site_name\" content=\"COLLECTA Rohstoff Altpapierhandel\" \/>\n<meta property=\"article:modified_time\" content=\"2024-02-19T10:12:37+00:00\" \/>\n<meta name=\"twitter:card\" content=\"summary_large_image\" \/>\n<meta name=\"twitter:label1\" content=\"Estimated reading time\" \/>\n\t<meta name=\"twitter:data1\" content=\"3 minutes\" \/>\n<script type=\"application\/ld+json\" class=\"yoast-schema-graph\">{\"@context\":\"https:\\\/\\\/schema.org\",\"@graph\":[{\"@type\":\"WebPage\",\"@id\":\"https:\\\/\\\/www.collecta-rohstoff.de\\\/die-geschichte-des-papiers\\\/\",\"url\":\"https:\\\/\\\/www.collecta-rohstoff.de\\\/die-geschichte-des-papiers\\\/\",\"name\":\"Die Geschichte des Papiers - COLLECTA Rohstoff Altpapierhandel\",\"isPartOf\":{\"@id\":\"https:\\\/\\\/www.collecta-rohstoff.de\\\/#website\"},\"datePublished\":\"2024-02-09T13:53:27+00:00\",\"dateModified\":\"2024-02-19T10:12:37+00:00\",\"breadcrumb\":{\"@id\":\"https:\\\/\\\/www.collecta-rohstoff.de\\\/die-geschichte-des-papiers\\\/#breadcrumb\"},\"inLanguage\":\"en-GB\",\"potentialAction\":[{\"@type\":\"ReadAction\",\"target\":[\"https:\\\/\\\/www.collecta-rohstoff.de\\\/die-geschichte-des-papiers\\\/\"]}]},{\"@type\":\"BreadcrumbList\",\"@id\":\"https:\\\/\\\/www.collecta-rohstoff.de\\\/die-geschichte-des-papiers\\\/#breadcrumb\",\"itemListElement\":[{\"@type\":\"ListItem\",\"position\":1,\"name\":\"Startseite\",\"item\":\"https:\\\/\\\/www.collecta-rohstoff.de\\\/\"},{\"@type\":\"ListItem\",\"position\":2,\"name\":\"Die Geschichte des Papiers\"}]},{\"@type\":\"WebSite\",\"@id\":\"https:\\\/\\\/www.collecta-rohstoff.de\\\/#website\",\"url\":\"https:\\\/\\\/www.collecta-rohstoff.de\\\/\",\"name\":\"COLLECTA Rohstoff Altpapierhandel\",\"description\":\"\",\"publisher\":{\"@id\":\"https:\\\/\\\/www.collecta-rohstoff.de\\\/#organization\"},\"potentialAction\":[{\"@type\":\"SearchAction\",\"target\":{\"@type\":\"EntryPoint\",\"urlTemplate\":\"https:\\\/\\\/www.collecta-rohstoff.de\\\/?s={search_term_string}\"},\"query-input\":{\"@type\":\"PropertyValueSpecification\",\"valueRequired\":true,\"valueName\":\"search_term_string\"}}],\"inLanguage\":\"en-GB\"},{\"@type\":\"Organization\",\"@id\":\"https:\\\/\\\/www.collecta-rohstoff.de\\\/#organization\",\"name\":\"COLLECTA Rohstoff Altpapierhandel\",\"url\":\"https:\\\/\\\/www.collecta-rohstoff.de\\\/\",\"logo\":{\"@type\":\"ImageObject\",\"inLanguage\":\"en-GB\",\"@id\":\"https:\\\/\\\/www.collecta-rohstoff.de\\\/#\\\/schema\\\/logo\\\/image\\\/\",\"url\":\"https:\\\/\\\/www.collecta-rohstoff.de\\\/wp-content\\\/uploads\\\/2022\\\/11\\\/cropped-cropped-cropped-cropped-cropped-Collecta-Rohstoff_Logo-1.png\",\"contentUrl\":\"https:\\\/\\\/www.collecta-rohstoff.de\\\/wp-content\\\/uploads\\\/2022\\\/11\\\/cropped-cropped-cropped-cropped-cropped-Collecta-Rohstoff_Logo-1.png\",\"width\":512,\"height\":512,\"caption\":\"COLLECTA Rohstoff Altpapierhandel\"},\"image\":{\"@id\":\"https:\\\/\\\/www.collecta-rohstoff.de\\\/#\\\/schema\\\/logo\\\/image\\\/\"}}]}<\/script>\n<!-- \/ Yoast SEO plugin. -->","yoast_head_json":{"title":"Die Geschichte des Papiers - COLLECTA Rohstoff Altpapierhandel","robots":{"index":"index","follow":"follow","max-snippet":"max-snippet:-1","max-image-preview":"max-image-preview:large","max-video-preview":"max-video-preview:-1"},"canonical":"https:\/\/www.collecta-rohstoff.de\/en\/die-geschichte-des-papiers\/","og_locale":"en_GB","og_type":"article","og_title":"Die Geschichte des Papiers - COLLECTA Rohstoff Altpapierhandel","og_description":"Die Geschichte des Papiers H\u00f6hlenzeichnungen sind die \u00e4lteste Hinterlassenschaft an Dokumenten, die mit Pigmentfarbe auf einen Untergrund gezeichnet wurden. Auch im alten \u00c4gypten sind Schrifttr\u00e4ger aus anorganischen Materialien bekannt, z.B. Speckstein. Im alten Griechenland wurde auf Papyrus mit Pinseln aus Ru\u00df und einer L\u00f6sung aus Gummi geschrieben. Das Papyrus bestand aus flach geschlagenen, \u00fcber kreuz [&hellip;]","og_url":"https:\/\/www.collecta-rohstoff.de\/en\/die-geschichte-des-papiers\/","og_site_name":"COLLECTA Rohstoff Altpapierhandel","article_modified_time":"2024-02-19T10:12:37+00:00","twitter_card":"summary_large_image","twitter_misc":{"Estimated reading time":"3 minutes"},"schema":{"@context":"https:\/\/schema.org","@graph":[{"@type":"WebPage","@id":"https:\/\/www.collecta-rohstoff.de\/die-geschichte-des-papiers\/","url":"https:\/\/www.collecta-rohstoff.de\/die-geschichte-des-papiers\/","name":"Die Geschichte des Papiers - COLLECTA Rohstoff Altpapierhandel","isPartOf":{"@id":"https:\/\/www.collecta-rohstoff.de\/#website"},"datePublished":"2024-02-09T13:53:27+00:00","dateModified":"2024-02-19T10:12:37+00:00","breadcrumb":{"@id":"https:\/\/www.collecta-rohstoff.de\/die-geschichte-des-papiers\/#breadcrumb"},"inLanguage":"en-GB","potentialAction":[{"@type":"ReadAction","target":["https:\/\/www.collecta-rohstoff.de\/die-geschichte-des-papiers\/"]}]},{"@type":"BreadcrumbList","@id":"https:\/\/www.collecta-rohstoff.de\/die-geschichte-des-papiers\/#breadcrumb","itemListElement":[{"@type":"ListItem","position":1,"name":"Startseite","item":"https:\/\/www.collecta-rohstoff.de\/"},{"@type":"ListItem","position":2,"name":"Die Geschichte des Papiers"}]},{"@type":"WebSite","@id":"https:\/\/www.collecta-rohstoff.de\/#website","url":"https:\/\/www.collecta-rohstoff.de\/","name":"COLLECTA Rohstoff Altpapierhandel","description":"","publisher":{"@id":"https:\/\/www.collecta-rohstoff.de\/#organization"},"potentialAction":[{"@type":"SearchAction","target":{"@type":"EntryPoint","urlTemplate":"https:\/\/www.collecta-rohstoff.de\/?s={search_term_string}"},"query-input":{"@type":"PropertyValueSpecification","valueRequired":true,"valueName":"search_term_string"}}],"inLanguage":"en-GB"},{"@type":"Organization","@id":"https:\/\/www.collecta-rohstoff.de\/#organization","name":"COLLECTA Rohstoff Altpapierhandel","url":"https:\/\/www.collecta-rohstoff.de\/","logo":{"@type":"ImageObject","inLanguage":"en-GB","@id":"https:\/\/www.collecta-rohstoff.de\/#\/schema\/logo\/image\/","url":"https:\/\/www.collecta-rohstoff.de\/wp-content\/uploads\/2022\/11\/cropped-cropped-cropped-cropped-cropped-Collecta-Rohstoff_Logo-1.png","contentUrl":"https:\/\/www.collecta-rohstoff.de\/wp-content\/uploads\/2022\/11\/cropped-cropped-cropped-cropped-cropped-Collecta-Rohstoff_Logo-1.png","width":512,"height":512,"caption":"COLLECTA Rohstoff Altpapierhandel"},"image":{"@id":"https:\/\/www.collecta-rohstoff.de\/#\/schema\/logo\/image\/"}}]}},"_links":{"self":[{"href":"https:\/\/www.collecta-rohstoff.de\/en\/wp-json\/wp\/v2\/pages\/192","targetHints":{"allow":["GET"]}}],"collection":[{"href":"https:\/\/www.collecta-rohstoff.de\/en\/wp-json\/wp\/v2\/pages"}],"about":[{"href":"https:\/\/www.collecta-rohstoff.de\/en\/wp-json\/wp\/v2\/types\/page"}],"author":[{"embeddable":true,"href":"https:\/\/www.collecta-rohstoff.de\/en\/wp-json\/wp\/v2\/users\/2"}],"replies":[{"embeddable":true,"href":"https:\/\/www.collecta-rohstoff.de\/en\/wp-json\/wp\/v2\/comments?post=192"}],"version-history":[{"count":43,"href":"https:\/\/www.collecta-rohstoff.de\/en\/wp-json\/wp\/v2\/pages\/192\/revisions"}],"predecessor-version":[{"id":730,"href":"https:\/\/www.collecta-rohstoff.de\/en\/wp-json\/wp\/v2\/pages\/192\/revisions\/730"}],"wp:attachment":[{"href":"https:\/\/www.collecta-rohstoff.de\/en\/wp-json\/wp\/v2\/media?parent=192"}],"curies":[{"name":"wp","href":"https:\/\/api.w.org\/{rel}","templated":true}]}}