{"id":178,"date":"2024-02-09T13:50:55","date_gmt":"2024-02-09T13:50:55","guid":{"rendered":"https:\/\/www.collecta-rohstoff.de\/?page_id=178"},"modified":"2024-02-15T13:45:44","modified_gmt":"2024-02-15T13:45:44","slug":"ueber-uns","status":"publish","type":"page","link":"https:\/\/www.collecta-rohstoff.de\/en\/ueber-uns\/","title":{"rendered":"\u00dcber Uns"},"content":{"rendered":"<div data-elementor-type=\"wp-page\" data-elementor-id=\"178\" class=\"elementor elementor-178\" data-elementor-post-type=\"page\">\n\t\t\t\t\t\t<section class=\"elementor-section elementor-top-section elementor-element elementor-element-fefcbed elementor-section-full_width elementor-section-height-min-height elementor-section-height-default elementor-section-items-middle\" data-id=\"fefcbed\" data-element_type=\"section\" data-e-type=\"section\" data-settings=\"{&quot;background_background&quot;:&quot;classic&quot;}\">\n\t\t\t\t\t\t<div class=\"elementor-container elementor-column-gap-default\">\n\t\t\t\t\t<div class=\"elementor-column elementor-col-100 elementor-top-column elementor-element elementor-element-d6bee8a\" data-id=\"d6bee8a\" data-element_type=\"column\" data-e-type=\"column\">\n\t\t\t<div class=\"elementor-widget-wrap\">\n\t\t\t\t\t\t\t<\/div>\n\t\t<\/div>\n\t\t\t\t\t<\/div>\n\t\t<\/section>\n\t\t\t\t<section class=\"elementor-section elementor-top-section elementor-element elementor-element-6c9d5e7 elementor-section-boxed elementor-section-height-default elementor-section-height-default\" data-id=\"6c9d5e7\" data-element_type=\"section\" data-e-type=\"section\">\n\t\t\t\t\t\t<div class=\"elementor-container elementor-column-gap-default\">\n\t\t\t\t\t<div class=\"elementor-column elementor-col-100 elementor-top-column elementor-element elementor-element-f567b60\" data-id=\"f567b60\" data-element_type=\"column\" data-e-type=\"column\">\n\t\t\t<div class=\"elementor-widget-wrap elementor-element-populated\">\n\t\t\t\t\t\t<div class=\"elementor-element elementor-element-659b533 elementor-widget elementor-widget-spacer\" data-id=\"659b533\" data-element_type=\"widget\" data-e-type=\"widget\" data-widget_type=\"spacer.default\">\n\t\t\t\t<div class=\"elementor-widget-container\">\n\t\t\t\t\t\t\t<div class=\"elementor-spacer\">\n\t\t\t<div class=\"elementor-spacer-inner\"><\/div>\n\t\t<\/div>\n\t\t\t\t\t\t<\/div>\n\t\t\t\t<\/div>\n\t\t\t\t<div class=\"elementor-element elementor-element-b194d3d elementor-widget elementor-widget-heading\" data-id=\"b194d3d\" data-element_type=\"widget\" data-e-type=\"widget\" data-widget_type=\"heading.default\">\n\t\t\t\t<div class=\"elementor-widget-container\">\n\t\t\t\t\t<h2 class=\"elementor-heading-title elementor-size-default\">Das Unternehmen Collecta Rohstoff <\/h2>\t\t\t\t<\/div>\n\t\t\t\t<\/div>\n\t\t\t\t<div class=\"elementor-element elementor-element-dc347dd elementor-widget elementor-widget-text-editor\" data-id=\"dc347dd\" data-element_type=\"widget\" data-e-type=\"widget\" data-widget_type=\"text-editor.default\">\n\t\t\t\t<div class=\"elementor-widget-container\">\n\t\t\t\t\t\t\t\t\t<p style=\"font-weight: 400;\">Die Firma Collecta Rohstoff ist seit 1963 im Bereich Altpapierhandel t\u00e4tig. Die Gr\u00fcnder hatten damals schon einen Blick f\u00fcr den entsprechenden Markt. Mit Partnerfirmen in Gro\u00dfbritannien, Frankreich, Spanien, Schweiz und einem B\u00fcro in den USA wurde das Ziel verfolgt, die Nachfrage der Kunden (die europ\u00e4ische Papierindustrie) zufriedenstellend und mit vollem Engagement zu erf\u00fcllen.\u00a0<\/p><p style=\"font-weight: 400;\">Gegr\u00fcndet wurde Collecta Rohstoff urspr\u00fcnglich in Genf in der Schweiz. Im Jahre 1963 bezog man B\u00fcros in der Metropole Frankfurt am Main, da man den wachsenden deutschen Markt der Recyclingwirtschaft als gro\u00dfe Chance f\u00fcr die Zukunft sah. Nach den ersten erfolgreichen Jahren ergab sich der Umzug in die hessische Landeshauptstadt Wiesbaden. Dort bezog man im angesehenen Viertel der Adolfsallee B\u00fcros in einem sch\u00f6nen Altbau. Durch das stetige Wachstum und der damit gestiegenen Mitarbeiterzahl wurde ein weiterer Umzug in gr\u00f6\u00dfere B\u00fcros in Jahre 1987 im Wiesbadener Vorort Erbenheim erforderlich. Seit 2007 befinden sich unsere B\u00fcros mit einer guten Autobahn- und Flughafenanbindung in Wiesbaden-Nordenstadt.\u00a0<\/p><p style=\"font-weight: 400;\">So ist die Collecta Rohstoff letztendlich der zuverl\u00e4ssige Partner der Papierindustrie und der Entsorgungswirtschaft im derzeit immer noch wichtigsten Markt von Europa und dem angrenzenden Ausland und das jetzt schon \u00fcber 60 Jahre!<\/p>\t\t\t\t\t\t\t\t<\/div>\n\t\t\t\t<\/div>\n\t\t\t\t\t<\/div>\n\t\t<\/div>\n\t\t\t\t\t<\/div>\n\t\t<\/section>\n\t\t\t\t<section class=\"elementor-section elementor-top-section elementor-element elementor-element-67fe29e elementor-section-boxed elementor-section-height-default elementor-section-height-default\" data-id=\"67fe29e\" data-element_type=\"section\" data-e-type=\"section\" data-settings=\"{&quot;background_background&quot;:&quot;classic&quot;}\">\n\t\t\t\t\t\t<div class=\"elementor-container elementor-column-gap-default\">\n\t\t\t\t\t<div class=\"elementor-column elementor-col-100 elementor-top-column elementor-element elementor-element-bbe5c46\" data-id=\"bbe5c46\" data-element_type=\"column\" data-e-type=\"column\">\n\t\t\t<div class=\"elementor-widget-wrap elementor-element-populated\">\n\t\t\t\t\t\t<div class=\"elementor-element elementor-element-dc472d0 elementor-widget elementor-widget-spacer\" data-id=\"dc472d0\" data-element_type=\"widget\" data-e-type=\"widget\" data-widget_type=\"spacer.default\">\n\t\t\t\t<div class=\"elementor-widget-container\">\n\t\t\t\t\t\t\t<div class=\"elementor-spacer\">\n\t\t\t<div class=\"elementor-spacer-inner\"><\/div>\n\t\t<\/div>\n\t\t\t\t\t\t<\/div>\n\t\t\t\t<\/div>\n\t\t\t\t<div class=\"elementor-element elementor-element-969c26e elementor-widget elementor-widget-heading\" data-id=\"969c26e\" data-element_type=\"widget\" data-e-type=\"widget\" data-widget_type=\"heading.default\">\n\t\t\t\t<div class=\"elementor-widget-container\">\n\t\t\t\t\t<h2 class=\"elementor-heading-title elementor-size-default\">\u00dcber 60 Jahre Collecta Rohstoff!<\/h2>\t\t\t\t<\/div>\n\t\t\t\t<\/div>\n\t\t\t\t<div class=\"elementor-element elementor-element-ffbf2d4 elementor-widget elementor-widget-text-editor\" data-id=\"ffbf2d4\" data-element_type=\"widget\" data-e-type=\"widget\" data-widget_type=\"text-editor.default\">\n\t\t\t\t<div class=\"elementor-widget-container\">\n\t\t\t\t\t\t\t\t\t<p style=\"font-weight: 400;\">\u00dcber diesen Zeitraum haben wir uns zum Spezialisten f\u00fcr mittlere und bessere Sorten entwickelt. Die besondere Sorgfalt auch im Bereich der Sondersorten erm\u00f6glicht es uns seit Gr\u00fcndung erfolgreich t\u00e4tig zu sein.<\/p><p style=\"font-weight: 400;\"><br \/>Auch die sogenannten &#8222;Problemsorten&#8220; (wie z.B. PE oder anderen Kunststoffbeschichtungen und Produktionsaussch\u00fcssen) werden durch unser Unternehmen der ordentlichen und gesetzlich vorgeschriebenen Verwertung zugef\u00fchrt.<\/p>\t\t\t\t\t\t\t\t<\/div>\n\t\t\t\t<\/div>\n\t\t\t\t\t<\/div>\n\t\t<\/div>\n\t\t\t\t\t<\/div>\n\t\t<\/section>\n\t\t\t\t<section class=\"elementor-section elementor-top-section elementor-element elementor-element-4c523ed elementor-section-boxed elementor-section-height-default elementor-section-height-default\" data-id=\"4c523ed\" data-element_type=\"section\" data-e-type=\"section\">\n\t\t\t\t\t\t<div class=\"elementor-container elementor-column-gap-default\">\n\t\t\t\t\t<div class=\"elementor-column elementor-col-100 elementor-top-column elementor-element elementor-element-cafce03\" data-id=\"cafce03\" data-element_type=\"column\" data-e-type=\"column\">\n\t\t\t<div class=\"elementor-widget-wrap elementor-element-populated\">\n\t\t\t\t\t\t<div class=\"elementor-element elementor-element-c6a480f elementor-widget elementor-widget-spacer\" data-id=\"c6a480f\" data-element_type=\"widget\" data-e-type=\"widget\" data-widget_type=\"spacer.default\">\n\t\t\t\t<div class=\"elementor-widget-container\">\n\t\t\t\t\t\t\t<div class=\"elementor-spacer\">\n\t\t\t<div class=\"elementor-spacer-inner\"><\/div>\n\t\t<\/div>\n\t\t\t\t\t\t<\/div>\n\t\t\t\t<\/div>\n\t\t\t\t\t<\/div>\n\t\t<\/div>\n\t\t\t\t\t<\/div>\n\t\t<\/section>\n\t\t\t\t<\/div>","protected":false},"excerpt":{"rendered":"<p>Das Unternehmen Collecta Rohstoff Die Firma Collecta Rohstoff ist seit 1963 im Bereich Altpapierhandel t\u00e4tig. Die Gr\u00fcnder hatten damals schon einen Blick f\u00fcr den entsprechenden Markt. Mit Partnerfirmen in Gro\u00dfbritannien, Frankreich, Spanien, Schweiz und einem B\u00fcro in den USA wurde das Ziel verfolgt, die Nachfrage der Kunden (die europ\u00e4ische Papierindustrie) zufriedenstellend und mit vollem Engagement [&hellip;]<\/p>\n","protected":false},"author":2,"featured_media":0,"parent":0,"menu_order":0,"comment_status":"closed","ping_status":"closed","template":"elementor_header_footer","meta":{"ocean_post_layout":"","ocean_both_sidebars_style":"","ocean_both_sidebars_content_width":0,"ocean_both_sidebars_sidebars_width":0,"ocean_sidebar":"","ocean_second_sidebar":"","ocean_disable_margins":"enable","ocean_add_body_class":"","ocean_shortcode_before_top_bar":"","ocean_shortcode_after_top_bar":"","ocean_shortcode_before_header":"","ocean_shortcode_after_header":"","ocean_has_shortcode":"","ocean_shortcode_after_title":"","ocean_shortcode_before_footer_widgets":"","ocean_shortcode_after_footer_widgets":"","ocean_shortcode_before_footer_bottom":"","ocean_shortcode_after_footer_bottom":"","ocean_display_top_bar":"default","ocean_display_header":"default","ocean_header_style":"","ocean_center_header_left_menu":"","ocean_custom_header_template":"","ocean_custom_logo":0,"ocean_custom_retina_logo":0,"ocean_custom_logo_max_width":0,"ocean_custom_logo_tablet_max_width":0,"ocean_custom_logo_mobile_max_width":0,"ocean_custom_logo_max_height":0,"ocean_custom_logo_tablet_max_height":0,"ocean_custom_logo_mobile_max_height":0,"ocean_header_custom_menu":"","ocean_menu_typo_font_family":"","ocean_menu_typo_font_subset":"","ocean_menu_typo_font_size":0,"ocean_menu_typo_font_size_tablet":0,"ocean_menu_typo_font_size_mobile":0,"ocean_menu_typo_font_size_unit":"px","ocean_menu_typo_font_weight":"","ocean_menu_typo_font_weight_tablet":"","ocean_menu_typo_font_weight_mobile":"","ocean_menu_typo_transform":"","ocean_menu_typo_transform_tablet":"","ocean_menu_typo_transform_mobile":"","ocean_menu_typo_line_height":0,"ocean_menu_typo_line_height_tablet":0,"ocean_menu_typo_line_height_mobile":0,"ocean_menu_typo_line_height_unit":"","ocean_menu_typo_spacing":0,"ocean_menu_typo_spacing_tablet":0,"ocean_menu_typo_spacing_mobile":0,"ocean_menu_typo_spacing_unit":"","ocean_menu_link_color":"","ocean_menu_link_color_hover":"","ocean_menu_link_color_active":"","ocean_menu_link_background":"","ocean_menu_link_hover_background":"","ocean_menu_link_active_background":"","ocean_menu_social_links_bg":"","ocean_menu_social_hover_links_bg":"","ocean_menu_social_links_color":"","ocean_menu_social_hover_links_color":"","ocean_disable_title":"default","ocean_disable_heading":"default","ocean_post_title":"","ocean_post_subheading":"","ocean_post_title_style":"","ocean_post_title_background_color":"","ocean_post_title_background":0,"ocean_post_title_bg_image_position":"","ocean_post_title_bg_image_attachment":"","ocean_post_title_bg_image_repeat":"","ocean_post_title_bg_image_size":"","ocean_post_title_height":0,"ocean_post_title_bg_overlay":0.5,"ocean_post_title_bg_overlay_color":"","ocean_disable_breadcrumbs":"default","ocean_breadcrumbs_color":"","ocean_breadcrumbs_separator_color":"","ocean_breadcrumbs_links_color":"","ocean_breadcrumbs_links_hover_color":"","ocean_display_footer_widgets":"default","ocean_display_footer_bottom":"default","ocean_custom_footer_template":"","footnotes":""},"class_list":["post-178","page","type-page","status-publish","hentry","entry"],"yoast_head":"<!-- This site is optimized with the Yoast SEO plugin v27.5 - https:\/\/yoast.com\/product\/yoast-seo-wordpress\/ -->\n<title>\u00dcber Uns - COLLECTA Rohstoff Altpapierhandel<\/title>\n<meta name=\"robots\" content=\"index, follow, max-snippet:-1, max-image-preview:large, max-video-preview:-1\" \/>\n<link rel=\"canonical\" href=\"https:\/\/www.collecta-rohstoff.de\/en\/ueber-uns\/\" \/>\n<meta property=\"og:locale\" content=\"en_GB\" \/>\n<meta property=\"og:type\" content=\"article\" \/>\n<meta property=\"og:title\" content=\"\u00dcber Uns - COLLECTA Rohstoff Altpapierhandel\" \/>\n<meta property=\"og:description\" content=\"Das Unternehmen Collecta Rohstoff Die Firma Collecta Rohstoff ist seit 1963 im Bereich Altpapierhandel t\u00e4tig. Die Gr\u00fcnder hatten damals schon einen Blick f\u00fcr den entsprechenden Markt. Mit Partnerfirmen in Gro\u00dfbritannien, Frankreich, Spanien, Schweiz und einem B\u00fcro in den USA wurde das Ziel verfolgt, die Nachfrage der Kunden (die europ\u00e4ische Papierindustrie) zufriedenstellend und mit vollem Engagement [&hellip;]\" \/>\n<meta property=\"og:url\" content=\"https:\/\/www.collecta-rohstoff.de\/en\/ueber-uns\/\" \/>\n<meta property=\"og:site_name\" content=\"COLLECTA Rohstoff Altpapierhandel\" \/>\n<meta property=\"article:modified_time\" content=\"2024-02-15T13:45:44+00:00\" \/>\n<meta name=\"twitter:card\" content=\"summary_large_image\" \/>\n<meta name=\"twitter:label1\" content=\"Estimated reading time\" \/>\n\t<meta name=\"twitter:data1\" content=\"1 minute\" \/>\n<script type=\"application\/ld+json\" class=\"yoast-schema-graph\">{\"@context\":\"https:\\\/\\\/schema.org\",\"@graph\":[{\"@type\":\"WebPage\",\"@id\":\"https:\\\/\\\/www.collecta-rohstoff.de\\\/ueber-uns\\\/\",\"url\":\"https:\\\/\\\/www.collecta-rohstoff.de\\\/ueber-uns\\\/\",\"name\":\"\u00dcber Uns - COLLECTA Rohstoff Altpapierhandel\",\"isPartOf\":{\"@id\":\"https:\\\/\\\/www.collecta-rohstoff.de\\\/#website\"},\"datePublished\":\"2024-02-09T13:50:55+00:00\",\"dateModified\":\"2024-02-15T13:45:44+00:00\",\"breadcrumb\":{\"@id\":\"https:\\\/\\\/www.collecta-rohstoff.de\\\/ueber-uns\\\/#breadcrumb\"},\"inLanguage\":\"en-GB\",\"potentialAction\":[{\"@type\":\"ReadAction\",\"target\":[\"https:\\\/\\\/www.collecta-rohstoff.de\\\/ueber-uns\\\/\"]}]},{\"@type\":\"BreadcrumbList\",\"@id\":\"https:\\\/\\\/www.collecta-rohstoff.de\\\/ueber-uns\\\/#breadcrumb\",\"itemListElement\":[{\"@type\":\"ListItem\",\"position\":1,\"name\":\"Startseite\",\"item\":\"https:\\\/\\\/www.collecta-rohstoff.de\\\/\"},{\"@type\":\"ListItem\",\"position\":2,\"name\":\"\u00dcber Uns\"}]},{\"@type\":\"WebSite\",\"@id\":\"https:\\\/\\\/www.collecta-rohstoff.de\\\/#website\",\"url\":\"https:\\\/\\\/www.collecta-rohstoff.de\\\/\",\"name\":\"COLLECTA Rohstoff Altpapierhandel\",\"description\":\"\",\"publisher\":{\"@id\":\"https:\\\/\\\/www.collecta-rohstoff.de\\\/#organization\"},\"potentialAction\":[{\"@type\":\"SearchAction\",\"target\":{\"@type\":\"EntryPoint\",\"urlTemplate\":\"https:\\\/\\\/www.collecta-rohstoff.de\\\/?s={search_term_string}\"},\"query-input\":{\"@type\":\"PropertyValueSpecification\",\"valueRequired\":true,\"valueName\":\"search_term_string\"}}],\"inLanguage\":\"en-GB\"},{\"@type\":\"Organization\",\"@id\":\"https:\\\/\\\/www.collecta-rohstoff.de\\\/#organization\",\"name\":\"COLLECTA Rohstoff Altpapierhandel\",\"url\":\"https:\\\/\\\/www.collecta-rohstoff.de\\\/\",\"logo\":{\"@type\":\"ImageObject\",\"inLanguage\":\"en-GB\",\"@id\":\"https:\\\/\\\/www.collecta-rohstoff.de\\\/#\\\/schema\\\/logo\\\/image\\\/\",\"url\":\"https:\\\/\\\/www.collecta-rohstoff.de\\\/wp-content\\\/uploads\\\/2022\\\/11\\\/cropped-cropped-cropped-cropped-cropped-Collecta-Rohstoff_Logo-1.png\",\"contentUrl\":\"https:\\\/\\\/www.collecta-rohstoff.de\\\/wp-content\\\/uploads\\\/2022\\\/11\\\/cropped-cropped-cropped-cropped-cropped-Collecta-Rohstoff_Logo-1.png\",\"width\":512,\"height\":512,\"caption\":\"COLLECTA Rohstoff Altpapierhandel\"},\"image\":{\"@id\":\"https:\\\/\\\/www.collecta-rohstoff.de\\\/#\\\/schema\\\/logo\\\/image\\\/\"}}]}<\/script>\n<!-- \/ Yoast SEO plugin. -->","yoast_head_json":{"title":"\u00dcber Uns - COLLECTA Rohstoff Altpapierhandel","robots":{"index":"index","follow":"follow","max-snippet":"max-snippet:-1","max-image-preview":"max-image-preview:large","max-video-preview":"max-video-preview:-1"},"canonical":"https:\/\/www.collecta-rohstoff.de\/en\/ueber-uns\/","og_locale":"en_GB","og_type":"article","og_title":"\u00dcber Uns - COLLECTA Rohstoff Altpapierhandel","og_description":"Das Unternehmen Collecta Rohstoff Die Firma Collecta Rohstoff ist seit 1963 im Bereich Altpapierhandel t\u00e4tig. Die Gr\u00fcnder hatten damals schon einen Blick f\u00fcr den entsprechenden Markt. Mit Partnerfirmen in Gro\u00dfbritannien, Frankreich, Spanien, Schweiz und einem B\u00fcro in den USA wurde das Ziel verfolgt, die Nachfrage der Kunden (die europ\u00e4ische Papierindustrie) zufriedenstellend und mit vollem Engagement [&hellip;]","og_url":"https:\/\/www.collecta-rohstoff.de\/en\/ueber-uns\/","og_site_name":"COLLECTA Rohstoff Altpapierhandel","article_modified_time":"2024-02-15T13:45:44+00:00","twitter_card":"summary_large_image","twitter_misc":{"Estimated reading time":"1 minute"},"schema":{"@context":"https:\/\/schema.org","@graph":[{"@type":"WebPage","@id":"https:\/\/www.collecta-rohstoff.de\/ueber-uns\/","url":"https:\/\/www.collecta-rohstoff.de\/ueber-uns\/","name":"\u00dcber Uns - COLLECTA Rohstoff Altpapierhandel","isPartOf":{"@id":"https:\/\/www.collecta-rohstoff.de\/#website"},"datePublished":"2024-02-09T13:50:55+00:00","dateModified":"2024-02-15T13:45:44+00:00","breadcrumb":{"@id":"https:\/\/www.collecta-rohstoff.de\/ueber-uns\/#breadcrumb"},"inLanguage":"en-GB","potentialAction":[{"@type":"ReadAction","target":["https:\/\/www.collecta-rohstoff.de\/ueber-uns\/"]}]},{"@type":"BreadcrumbList","@id":"https:\/\/www.collecta-rohstoff.de\/ueber-uns\/#breadcrumb","itemListElement":[{"@type":"ListItem","position":1,"name":"Startseite","item":"https:\/\/www.collecta-rohstoff.de\/"},{"@type":"ListItem","position":2,"name":"\u00dcber Uns"}]},{"@type":"WebSite","@id":"https:\/\/www.collecta-rohstoff.de\/#website","url":"https:\/\/www.collecta-rohstoff.de\/","name":"COLLECTA Rohstoff Altpapierhandel","description":"","publisher":{"@id":"https:\/\/www.collecta-rohstoff.de\/#organization"},"potentialAction":[{"@type":"SearchAction","target":{"@type":"EntryPoint","urlTemplate":"https:\/\/www.collecta-rohstoff.de\/?s={search_term_string}"},"query-input":{"@type":"PropertyValueSpecification","valueRequired":true,"valueName":"search_term_string"}}],"inLanguage":"en-GB"},{"@type":"Organization","@id":"https:\/\/www.collecta-rohstoff.de\/#organization","name":"COLLECTA Rohstoff Altpapierhandel","url":"https:\/\/www.collecta-rohstoff.de\/","logo":{"@type":"ImageObject","inLanguage":"en-GB","@id":"https:\/\/www.collecta-rohstoff.de\/#\/schema\/logo\/image\/","url":"https:\/\/www.collecta-rohstoff.de\/wp-content\/uploads\/2022\/11\/cropped-cropped-cropped-cropped-cropped-Collecta-Rohstoff_Logo-1.png","contentUrl":"https:\/\/www.collecta-rohstoff.de\/wp-content\/uploads\/2022\/11\/cropped-cropped-cropped-cropped-cropped-Collecta-Rohstoff_Logo-1.png","width":512,"height":512,"caption":"COLLECTA Rohstoff Altpapierhandel"},"image":{"@id":"https:\/\/www.collecta-rohstoff.de\/#\/schema\/logo\/image\/"}}]}},"_links":{"self":[{"href":"https:\/\/www.collecta-rohstoff.de\/en\/wp-json\/wp\/v2\/pages\/178","targetHints":{"allow":["GET"]}}],"collection":[{"href":"https:\/\/www.collecta-rohstoff.de\/en\/wp-json\/wp\/v2\/pages"}],"about":[{"href":"https:\/\/www.collecta-rohstoff.de\/en\/wp-json\/wp\/v2\/types\/page"}],"author":[{"embeddable":true,"href":"https:\/\/www.collecta-rohstoff.de\/en\/wp-json\/wp\/v2\/users\/2"}],"replies":[{"embeddable":true,"href":"https:\/\/www.collecta-rohstoff.de\/en\/wp-json\/wp\/v2\/comments?post=178"}],"version-history":[{"count":28,"href":"https:\/\/www.collecta-rohstoff.de\/en\/wp-json\/wp\/v2\/pages\/178\/revisions"}],"predecessor-version":[{"id":663,"href":"https:\/\/www.collecta-rohstoff.de\/en\/wp-json\/wp\/v2\/pages\/178\/revisions\/663"}],"wp:attachment":[{"href":"https:\/\/www.collecta-rohstoff.de\/en\/wp-json\/wp\/v2\/media?parent=178"}],"curies":[{"name":"wp","href":"https:\/\/api.w.org\/{rel}","templated":true}]}}